{"id":75,"date":"2019-05-12T11:06:22","date_gmt":"2019-05-12T09:06:22","guid":{"rendered":"http:\/\/chantal-abadie-magnetiseur.com\/?page_id=75"},"modified":"2019-12-10T17:35:55","modified_gmt":"2019-12-10T16:35:55","slug":"a-propos-de-moi","status":"publish","type":"page","link":"https:\/\/chantal-abadie-magnetiseur.com\/index.php\/a-propos-de-moi\/","title":{"rendered":""},"content":{"rendered":"\t\t<div data-elementor-type=\"wp-post\" data-elementor-id=\"75\" class=\"elementor elementor-75\">\n\t\t\t\t\t\t\t\t\t<section class=\"elementor-section elementor-top-section elementor-element elementor-element-957b71b elementor-section-stretched elementor-section-content-middle elementor-section-boxed elementor-section-height-default elementor-section-height-default\" data-id=\"957b71b\" data-element_type=\"section\" data-settings=\"{&quot;stretch_section&quot;:&quot;section-stretched&quot;}\">\n\t\t\t\t\t\t<div class=\"elementor-container elementor-column-gap-default\">\n\t\t\t\t\t<div class=\"elementor-column elementor-col-50 elementor-top-column elementor-element elementor-element-6104826\" data-id=\"6104826\" data-element_type=\"column\">\n\t\t\t<div class=\"elementor-widget-wrap elementor-element-populated\">\n\t\t\t\t\t\t\t\t<div class=\"elementor-element elementor-element-8225f47 elementor-widget elementor-widget-text-editor\" data-id=\"8225f47\" data-element_type=\"widget\" data-widget_type=\"text-editor.default\">\n\t\t\t\t<div class=\"elementor-widget-container\">\n\t\t\t\t\t\t\t<p><span style=\"color: #3366ff;\"><span style=\"font-size: 1rem; font-family: Rufina, sans-serif; text-align: justify;\">Apr\u00e8s un parcours on ne peut plus classique (enseignante pendant quelques ann\u00e9es, commerciale pour une soci\u00e9t\u00e9 de parapharmacie, g\u00e9rante d\u2019une TPE&#8230;), j\u2019ai commenc\u00e9 \u00e0 m\u2019int\u00e9resser puis \u00e0 me passionner pour\u00a0<\/span><span style=\"font-size: 1rem; font-weight: bold; font-family: Rufina, sans-serif; text-align: justify;\">l\u2019univers des m\u00e9decines douces<\/span><span style=\"font-size: 1rem; font-family: Rufina, sans-serif; text-align: justify;\">.<\/span><\/span><\/p>\n<p><span style=\"color: #3366ff;\"><span style=\"font-family: Rufina, sans-serif; text-align: justify;\">Un important \u00ab accident de sant\u00e9 \u00bb marquera ensuite un tournant dans ma vie, avec une envie de me recentrer sur l\u2019essentiel et de donner davantage de sens \u00e0 ma vie.<\/span><span style=\"font-size: 1rem; font-family: Rufina, sans-serif; text-align: justify;\"><br \/><\/span><\/span><\/p>\t\t\t\t\t\t<\/div>\n\t\t\t\t<\/div>\n\t\t\t\t\t<\/div>\n\t\t<\/div>\n\t\t\t\t<div class=\"elementor-column elementor-col-50 elementor-top-column elementor-element elementor-element-2f20766\" data-id=\"2f20766\" data-element_type=\"column\">\n\t\t\t<div class=\"elementor-widget-wrap elementor-element-populated\">\n\t\t\t\t\t\t\t\t<div class=\"elementor-element elementor-element-42d12ea elementor-widget elementor-widget-image\" data-id=\"42d12ea\" data-element_type=\"widget\" data-widget_type=\"image.default\">\n\t\t\t\t<div class=\"elementor-widget-container\">\n\t\t\t\t\t\t\t\t\t\t\t\t\t\t\t<img fetchpriority=\"high\" decoding=\"async\" width=\"525\" height=\"688\" src=\"https:\/\/chantal-abadie-magnetiseur.com\/wp-content\/uploads\/2019\/05\/Portrait-CA-05-2019-0010-781x1024.jpg\" class=\"attachment-large size-large wp-image-168\" alt=\"\" srcset=\"https:\/\/chantal-abadie-magnetiseur.com\/wp-content\/uploads\/2019\/05\/Portrait-CA-05-2019-0010-781x1024.jpg 781w, https:\/\/chantal-abadie-magnetiseur.com\/wp-content\/uploads\/2019\/05\/Portrait-CA-05-2019-0010-229x300.jpg 229w, https:\/\/chantal-abadie-magnetiseur.com\/wp-content\/uploads\/2019\/05\/Portrait-CA-05-2019-0010-768x1007.jpg 768w, https:\/\/chantal-abadie-magnetiseur.com\/wp-content\/uploads\/2019\/05\/Portrait-CA-05-2019-0010.jpg 1649w\" sizes=\"100vw\" \/>\t\t\t\t\t\t\t\t\t\t\t\t\t\t\t<\/div>\n\t\t\t\t<\/div>\n\t\t\t\t\t<\/div>\n\t\t<\/div>\n\t\t\t\t\t\t\t<\/div>\n\t\t<\/section>\n\t\t\t\t<section class=\"elementor-section elementor-top-section elementor-element elementor-element-53ce51e0 elementor-section-stretched elementor-section-content-middle elementor-section-boxed elementor-section-height-default elementor-section-height-default\" data-id=\"53ce51e0\" data-element_type=\"section\" data-settings=\"{&quot;stretch_section&quot;:&quot;section-stretched&quot;}\">\n\t\t\t\t\t\t<div class=\"elementor-container elementor-column-gap-no\">\n\t\t\t\t\t<div class=\"elementor-column elementor-col-100 elementor-top-column elementor-element elementor-element-6a288100\" data-id=\"6a288100\" data-element_type=\"column\">\n\t\t\t<div class=\"elementor-widget-wrap elementor-element-populated\">\n\t\t\t\t\t\t\t\t<div class=\"elementor-element elementor-element-775df624 elementor-widget elementor-widget-text-editor\" data-id=\"775df624\" data-element_type=\"widget\" data-settings=\"{&quot;_animation&quot;:&quot;none&quot;}\" data-widget_type=\"text-editor.default\">\n\t\t\t\t<div class=\"elementor-widget-container\">\n\t\t\t\t\t\t\t<p><!-- wp:image {\"id\":85,\"align\":\"center\",\"width\":215,\"height\":279} --><\/p>\n<div class=\"wp-block-image\"><span style=\"color: #3366ff;\"><strong><span style=\"font-size: 1rem;\">Se\u00a0succ\u00e8dent alors\u00a0diff\u00e9rentes rencontres qui me conforteront, petit \u00e0 petit, dans cette direction.<\/span><\/strong><\/span><\/div>\n<p><span style=\"color: #3366ff;\">Ma rencontre avec le magn\u00e9tisme avait, en\u00a0fait\u00a0, commenc\u00e9 avec mes animaux domestiques que j\u2019arrivais instinctivement \u00e0 soulager.\u00a0Puis je m\u2019aper\u00e7us que j\u2019obtenais des r\u00e9sultats sur mes proches.\u00a0De fil en aiguille, cela m\u2019encouragea dans cette voie et me donna l\u2019envie irr\u00e9pressible de m\u2019y investir davantage.<\/span><\/p>\n<p><span style=\"color: #3366ff;\"><!-- \/wp:paragraph --><!-- wp:paragraph --><\/span><\/p>\n<p><span style=\"color: #3366ff;\">\u00c0 partir de ce moment-l\u00e0, j\u2019eus envie d\u2019en savoir plus et me lan\u00e7ai dans de nombreuses formations, conf\u00e9rences et lectures diverses.\u00a0Ce furent ensuite des connaissances de proches qui commenc\u00e8rent \u00e0 faire appel \u00e0 moi \u2026.\u00a0(cela aussi bien en pr\u00e9sence qu\u2019\u00e0 distance).<\/span><\/p>\n<p><!-- \/wp:paragraph --><\/p>\t\t\t\t\t\t<\/div>\n\t\t\t\t<\/div>\n\t\t\t\t\t<\/div>\n\t\t<\/div>\n\t\t\t\t\t\t\t<\/div>\n\t\t<\/section>\n\t\t\t\t\t\t\t<\/div>\n\t\t","protected":false},"excerpt":{"rendered":"<p>Apr\u00e8s un parcours on ne peut plus classique (enseignante pendant quelques ann\u00e9es, commerciale pour une soci\u00e9t\u00e9 de parapharmacie, g\u00e9rante d\u2019une TPE&#8230;), j\u2019ai commenc\u00e9 \u00e0 m\u2019int\u00e9resser puis \u00e0 me passionner pour\u00a0l\u2019univers des m\u00e9decines douces. Un important \u00ab accident de sant\u00e9 \u00bb marquera ensuite un tournant dans ma vie, avec une envie de me recentrer sur l\u2019essentiel &hellip; <\/p>\n<p class=\"link-more\"><a href=\"https:\/\/chantal-abadie-magnetiseur.com\/index.php\/a-propos-de-moi\/\" class=\"more-link\">Continuer la lecture<span class=\"screen-reader-text\"> de &laquo;&nbsp;&nbsp;&raquo;<\/span><\/a><\/p>\n","protected":false},"author":1,"featured_media":0,"parent":0,"menu_order":0,"comment_status":"closed","ping_status":"closed","template":"","meta":{"footnotes":""},"yoast_head":"<!-- This site is optimized with the Yoast SEO plugin v21.6 - https:\/\/yoast.com\/wordpress\/plugins\/seo\/ -->\n<title>- Chantal Abadie Magn\u00e9tiseur 78<\/title>\n<meta name=\"robots\" content=\"index, follow, max-snippet:-1, max-image-preview:large, max-video-preview:-1\" \/>\n<link rel=\"canonical\" href=\"https:\/\/chantal-abadie-magnetiseur.com\/index.php\/a-propos-de-moi\/\" \/>\n<meta property=\"og:locale\" content=\"fr_FR\" \/>\n<meta property=\"og:type\" content=\"article\" \/>\n<meta property=\"og:title\" content=\"- Chantal Abadie Magn\u00e9tiseur 78\" \/>\n<meta property=\"og:description\" content=\"Apr\u00e8s un parcours on ne peut plus classique (enseignante pendant quelques ann\u00e9es, commerciale pour une soci\u00e9t\u00e9 de parapharmacie, g\u00e9rante d\u2019une TPE&#8230;), j\u2019ai commenc\u00e9 \u00e0 m\u2019int\u00e9resser puis \u00e0 me passionner pour\u00a0l\u2019univers des m\u00e9decines douces. Un important \u00ab accident de sant\u00e9 \u00bb marquera ensuite un tournant dans ma vie, avec une envie de me recentrer sur l\u2019essentiel &hellip; Continuer la lecture de &laquo;&nbsp;&nbsp;&raquo;\" \/>\n<meta property=\"og:url\" content=\"https:\/\/chantal-abadie-magnetiseur.com\/index.php\/a-propos-de-moi\/\" \/>\n<meta property=\"og:site_name\" content=\"Chantal Abadie Magn\u00e9tiseur 78\" \/>\n<meta property=\"article:modified_time\" content=\"2019-12-10T16:35:55+00:00\" \/>\n<meta property=\"og:image\" content=\"http:\/\/chantal-abadie-magnetiseur.com\/wp-content\/uploads\/2019\/05\/Portrait-CA-05-2019-0010-781x1024.jpg\" \/>\n<meta name=\"twitter:card\" content=\"summary_large_image\" \/>\n<meta name=\"twitter:label1\" content=\"Dur\u00e9e de lecture estim\u00e9e\" \/>\n\t<meta name=\"twitter:data1\" content=\"1 minute\" \/>\n<script type=\"application\/ld+json\" class=\"yoast-schema-graph\">{\"@context\":\"https:\/\/schema.org\",\"@graph\":[{\"@type\":\"WebPage\",\"@id\":\"https:\/\/chantal-abadie-magnetiseur.com\/index.php\/a-propos-de-moi\/\",\"url\":\"https:\/\/chantal-abadie-magnetiseur.com\/index.php\/a-propos-de-moi\/\",\"name\":\"- Chantal Abadie Magn\u00e9tiseur 78\",\"isPartOf\":{\"@id\":\"https:\/\/chantal-abadie-magnetiseur.com\/#website\"},\"datePublished\":\"2019-05-12T09:06:22+00:00\",\"dateModified\":\"2019-12-10T16:35:55+00:00\",\"inLanguage\":\"fr-FR\",\"potentialAction\":[{\"@type\":\"ReadAction\",\"target\":[\"https:\/\/chantal-abadie-magnetiseur.com\/index.php\/a-propos-de-moi\/\"]}]},{\"@type\":\"WebSite\",\"@id\":\"https:\/\/chantal-abadie-magnetiseur.com\/#website\",\"url\":\"https:\/\/chantal-abadie-magnetiseur.com\/\",\"name\":\"Chantal Abadie Magn\u00e9tiseur 78\",\"description\":\"Soins par magn\u00e9tisme\",\"potentialAction\":[{\"@type\":\"SearchAction\",\"target\":{\"@type\":\"EntryPoint\",\"urlTemplate\":\"https:\/\/chantal-abadie-magnetiseur.com\/?s={search_term_string}\"},\"query-input\":\"required name=search_term_string\"}],\"inLanguage\":\"fr-FR\"}]}<\/script>\n<!-- \/ Yoast SEO plugin. -->","yoast_head_json":{"title":"- Chantal Abadie Magn\u00e9tiseur 78","robots":{"index":"index","follow":"follow","max-snippet":"max-snippet:-1","max-image-preview":"max-image-preview:large","max-video-preview":"max-video-preview:-1"},"canonical":"https:\/\/chantal-abadie-magnetiseur.com\/index.php\/a-propos-de-moi\/","og_locale":"fr_FR","og_type":"article","og_title":"- Chantal Abadie Magn\u00e9tiseur 78","og_description":"Apr\u00e8s un parcours on ne peut plus classique (enseignante pendant quelques ann\u00e9es, commerciale pour une soci\u00e9t\u00e9 de parapharmacie, g\u00e9rante d\u2019une TPE&#8230;), j\u2019ai commenc\u00e9 \u00e0 m\u2019int\u00e9resser puis \u00e0 me passionner pour\u00a0l\u2019univers des m\u00e9decines douces. Un important \u00ab accident de sant\u00e9 \u00bb marquera ensuite un tournant dans ma vie, avec une envie de me recentrer sur l\u2019essentiel &hellip; Continuer la lecture de &laquo;&nbsp;&nbsp;&raquo;","og_url":"https:\/\/chantal-abadie-magnetiseur.com\/index.php\/a-propos-de-moi\/","og_site_name":"Chantal Abadie Magn\u00e9tiseur 78","article_modified_time":"2019-12-10T16:35:55+00:00","og_image":[{"url":"http:\/\/chantal-abadie-magnetiseur.com\/wp-content\/uploads\/2019\/05\/Portrait-CA-05-2019-0010-781x1024.jpg"}],"twitter_card":"summary_large_image","twitter_misc":{"Dur\u00e9e de lecture estim\u00e9e":"1 minute"},"schema":{"@context":"https:\/\/schema.org","@graph":[{"@type":"WebPage","@id":"https:\/\/chantal-abadie-magnetiseur.com\/index.php\/a-propos-de-moi\/","url":"https:\/\/chantal-abadie-magnetiseur.com\/index.php\/a-propos-de-moi\/","name":"- Chantal Abadie Magn\u00e9tiseur 78","isPartOf":{"@id":"https:\/\/chantal-abadie-magnetiseur.com\/#website"},"datePublished":"2019-05-12T09:06:22+00:00","dateModified":"2019-12-10T16:35:55+00:00","inLanguage":"fr-FR","potentialAction":[{"@type":"ReadAction","target":["https:\/\/chantal-abadie-magnetiseur.com\/index.php\/a-propos-de-moi\/"]}]},{"@type":"WebSite","@id":"https:\/\/chantal-abadie-magnetiseur.com\/#website","url":"https:\/\/chantal-abadie-magnetiseur.com\/","name":"Chantal Abadie Magn\u00e9tiseur 78","description":"Soins par magn\u00e9tisme","potentialAction":[{"@type":"SearchAction","target":{"@type":"EntryPoint","urlTemplate":"https:\/\/chantal-abadie-magnetiseur.com\/?s={search_term_string}"},"query-input":"required name=search_term_string"}],"inLanguage":"fr-FR"}]}},"_links":{"self":[{"href":"https:\/\/chantal-abadie-magnetiseur.com\/index.php\/wp-json\/wp\/v2\/pages\/75"}],"collection":[{"href":"https:\/\/chantal-abadie-magnetiseur.com\/index.php\/wp-json\/wp\/v2\/pages"}],"about":[{"href":"https:\/\/chantal-abadie-magnetiseur.com\/index.php\/wp-json\/wp\/v2\/types\/page"}],"author":[{"embeddable":true,"href":"https:\/\/chantal-abadie-magnetiseur.com\/index.php\/wp-json\/wp\/v2\/users\/1"}],"replies":[{"embeddable":true,"href":"https:\/\/chantal-abadie-magnetiseur.com\/index.php\/wp-json\/wp\/v2\/comments?post=75"}],"version-history":[{"count":34,"href":"https:\/\/chantal-abadie-magnetiseur.com\/index.php\/wp-json\/wp\/v2\/pages\/75\/revisions"}],"predecessor-version":[{"id":497,"href":"https:\/\/chantal-abadie-magnetiseur.com\/index.php\/wp-json\/wp\/v2\/pages\/75\/revisions\/497"}],"wp:attachment":[{"href":"https:\/\/chantal-abadie-magnetiseur.com\/index.php\/wp-json\/wp\/v2\/media?parent=75"}],"curies":[{"name":"wp","href":"https:\/\/api.w.org\/{rel}","templated":true}]}}