{"id":54,"date":"2019-04-27T22:28:16","date_gmt":"2019-04-27T20:28:16","guid":{"rendered":"http:\/\/chantal-abadie-magnetiseur.com\/?page_id=54"},"modified":"2020-02-18T14:52:00","modified_gmt":"2020-02-18T13:52:00","slug":"le-magnetisme","status":"publish","type":"page","link":"https:\/\/chantal-abadie-magnetiseur.com\/index.php\/le-magnetisme\/","title":{"rendered":""},"content":{"rendered":"\t\t<div data-elementor-type=\"wp-post\" data-elementor-id=\"54\" class=\"elementor elementor-54\">\n\t\t\t\t\t\t\t\t\t<section class=\"elementor-section elementor-top-section elementor-element elementor-element-e1d27c0 elementor-section-stretched elementor-section-boxed elementor-section-height-default elementor-section-height-default\" data-id=\"e1d27c0\" data-element_type=\"section\" data-settings=\"{&quot;stretch_section&quot;:&quot;section-stretched&quot;}\">\n\t\t\t\t\t\t<div class=\"elementor-container elementor-column-gap-default\">\n\t\t\t\t\t<div class=\"elementor-column elementor-col-100 elementor-top-column elementor-element elementor-element-7fe7974\" data-id=\"7fe7974\" data-element_type=\"column\">\n\t\t\t<div class=\"elementor-widget-wrap elementor-element-populated\">\n\t\t\t\t\t\t\t\t<div class=\"elementor-element elementor-element-a3351e7 elementor-widget elementor-widget-image\" data-id=\"a3351e7\" data-element_type=\"widget\" data-widget_type=\"image.default\">\n\t\t\t\t<div class=\"elementor-widget-container\">\n\t\t\t\t\t\t\t\t\t\t\t\t\t\t\t<img fetchpriority=\"high\" decoding=\"async\" width=\"525\" height=\"351\" src=\"https:\/\/chantal-abadie-magnetiseur.com\/wp-content\/uploads\/2019\/06\/AdobeStock_104361395-1024x685.jpeg\" class=\"attachment-large size-large wp-image-261\" alt=\"\" srcset=\"https:\/\/chantal-abadie-magnetiseur.com\/wp-content\/uploads\/2019\/06\/AdobeStock_104361395-1024x685.jpeg 1024w, https:\/\/chantal-abadie-magnetiseur.com\/wp-content\/uploads\/2019\/06\/AdobeStock_104361395-300x201.jpeg 300w, https:\/\/chantal-abadie-magnetiseur.com\/wp-content\/uploads\/2019\/06\/AdobeStock_104361395-768x514.jpeg 768w\" sizes=\"100vw\" \/>\t\t\t\t\t\t\t\t\t\t\t\t\t\t\t<\/div>\n\t\t\t\t<\/div>\n\t\t\t\t\t<\/div>\n\t\t<\/div>\n\t\t\t\t\t\t\t<\/div>\n\t\t<\/section>\n\t\t\t\t<section class=\"elementor-section elementor-top-section elementor-element elementor-element-b8fb4e2 elementor-section-stretched elementor-section-content-middle elementor-section-boxed elementor-section-height-default elementor-section-height-default\" data-id=\"b8fb4e2\" data-element_type=\"section\" data-settings=\"{&quot;stretch_section&quot;:&quot;section-stretched&quot;}\">\n\t\t\t\t\t\t<div class=\"elementor-container elementor-column-gap-default\">\n\t\t\t\t\t<div class=\"elementor-column elementor-col-33 elementor-top-column elementor-element elementor-element-a767102\" data-id=\"a767102\" data-element_type=\"column\">\n\t\t\t<div class=\"elementor-widget-wrap\">\n\t\t\t\t\t\t\t\t\t<\/div>\n\t\t<\/div>\n\t\t\t\t<div class=\"elementor-column elementor-col-33 elementor-top-column elementor-element elementor-element-223346d\" data-id=\"223346d\" data-element_type=\"column\">\n\t\t\t<div class=\"elementor-widget-wrap elementor-element-populated\">\n\t\t\t\t\t\t\t\t<div class=\"elementor-element elementor-element-8e477f7 elementor-widget elementor-widget-text-editor\" data-id=\"8e477f7\" data-element_type=\"widget\" data-widget_type=\"text-editor.default\">\n\t\t\t\t<div class=\"elementor-widget-container\">\n\t\t\t\t\t\t\t<p><span style=\"font-weight: bold; color: #3366ff; font-family: Rufina, sans-serif; text-align: center;\">QU\u2019EST-CE-QUE LE MAGN\u00c9TISME\u00a0?<\/span><\/p>\t\t\t\t\t\t<\/div>\n\t\t\t\t<\/div>\n\t\t\t\t\t<\/div>\n\t\t<\/div>\n\t\t\t\t<div class=\"elementor-column elementor-col-33 elementor-top-column elementor-element elementor-element-8c435a1\" data-id=\"8c435a1\" data-element_type=\"column\">\n\t\t\t<div class=\"elementor-widget-wrap\">\n\t\t\t\t\t\t\t\t\t<\/div>\n\t\t<\/div>\n\t\t\t\t\t\t\t<\/div>\n\t\t<\/section>\n\t\t\t\t<section class=\"elementor-section elementor-top-section elementor-element elementor-element-904a91e elementor-section-stretched elementor-section-content-middle elementor-section-boxed elementor-section-height-default elementor-section-height-default\" data-id=\"904a91e\" data-element_type=\"section\" data-settings=\"{&quot;stretch_section&quot;:&quot;section-stretched&quot;}\">\n\t\t\t\t\t\t<div class=\"elementor-container elementor-column-gap-default\">\n\t\t\t\t\t<div class=\"elementor-column elementor-col-100 elementor-top-column elementor-element elementor-element-474fea1\" data-id=\"474fea1\" data-element_type=\"column\">\n\t\t\t<div class=\"elementor-widget-wrap elementor-element-populated\">\n\t\t\t\t\t\t\t\t<div class=\"elementor-element elementor-element-0a323b6 elementor-widget elementor-widget-text-editor\" data-id=\"0a323b6\" data-element_type=\"widget\" data-widget_type=\"text-editor.default\">\n\t\t\t\t<div class=\"elementor-widget-container\">\n\t\t\t\t\t\t\t<p style=\"color: #0000aa; font-family: Rufina, sans-serif;\"><span style=\"font-size: 1rem; color: #3366ff;\">Le magn\u00e9tisme existe depuis la nuit des temps.\u00a0<\/span><\/p><p style=\"color: #0000aa; font-family: Rufina, sans-serif;\"><span style=\"color: #3366ff;\">Il a travers\u00e9 toutes les \u00e9poques :\u00a0il est \u00e9voqu\u00e9 dans de nombreuses civilisations (l\u2019Egypte ancienne, l\u2019Antiquit\u00e9\u2026.) et est pr\u00e9sent sur tous les continents sous des noms diff\u00e9rents :\u00a0le \u00ab Chi \u00bb en Asie, le \u00ab\u00a0Ki\u00a0\u00bb au Japon ou encore le \u00ab\u00a0Pran\u00e2\u00a0en Inde&#8230;)<\/span><br \/><span style=\"color: #3366ff;\">Il consiste, de la mani\u00e8re la plus simple qui soit, \u00e0 soigner par imposition des mains.\u00a0<\/span><br \/><span style=\"color: #3366ff;\">Son mode de fonctionnement r\u00e9side dans l\u2019intention positive transmise \u00e0 la personne en souffrance.<\/span><\/p><p style=\"color: #0000aa; font-family: Rufina, sans-serif;\"><span style=\"color: #3366ff;\">Le magn\u00e9tisme utilise l\u2019\u00e9nergie pour r\u00e9\u00e9quilibrer, soulager, apaiser divers maux.\u00a0Il est sans danger et surtout sans effets secondaires.\u00a0Il permet d\u2019intervenir sur les d\u00e9s\u00e9quilibres et perturbations avant qu\u2019ils ne deviennent trop graves pour l\u2019organisme.<\/span><br \/><span style=\"color: #3366ff;\">Bien que ne promettant jamais, par \u00e9thique, la gu\u00e9rison, il me tient toujours particuli\u00e8rement \u00e0 c\u0153ur de parvenir \u00e0 soulager la personne qui vient me voir.<\/span><\/p><p style=\"color: #0000aa; font-family: Rufina, sans-serif;\"><span style=\"color: #3366ff;\"><span style=\"font-weight: bold;\">Quelques Indications\u00a0<\/span>:<\/span><\/p>\t\t\t\t\t\t<\/div>\n\t\t\t\t<\/div>\n\t\t\t\t\t<\/div>\n\t\t<\/div>\n\t\t\t\t\t\t\t<\/div>\n\t\t<\/section>\n\t\t\t\t<section class=\"elementor-section elementor-top-section elementor-element elementor-element-ad4a8e1 elementor-section-stretched elementor-section-content-middle elementor-section-boxed elementor-section-height-default elementor-section-height-default\" data-id=\"ad4a8e1\" data-element_type=\"section\" data-settings=\"{&quot;stretch_section&quot;:&quot;section-stretched&quot;}\">\n\t\t\t\t\t\t<div class=\"elementor-container elementor-column-gap-default\">\n\t\t\t\t\t<div class=\"elementor-column elementor-col-100 elementor-top-column elementor-element elementor-element-974e2ca\" data-id=\"974e2ca\" data-element_type=\"column\">\n\t\t\t<div class=\"elementor-widget-wrap elementor-element-populated\">\n\t\t\t\t\t\t\t\t<div class=\"elementor-element elementor-element-6039fcb elementor-widget elementor-widget-text-editor\" data-id=\"6039fcb\" data-element_type=\"widget\" data-widget_type=\"text-editor.default\">\n\t\t\t\t<div class=\"elementor-widget-container\">\n\t\t\t\t\t\t\t<ul><li style=\"color: #0000aa; font-family: Rufina, sans-serif;\"><span style=\"color: #3366ff;\">stress,\u00a0 crises d\u2019angoisses, anxi\u00e9t\u00e9, probl\u00e8mes de sommeil\u2026\u2026<\/span><\/li><li style=\"color: #0000aa; font-family: Rufina, sans-serif;\"><span style=\"color: #3366ff;\">ecz\u00e9ma,, psoriasis, moluscums<\/span><\/li><li style=\"color: #0000aa; font-family: Rufina, sans-serif;\"><span style=\"color: #3366ff;\">douleurs diverses ( maux de t\u00eate, articulaires\u2026..)<\/span><\/li><li style=\"color: #0000aa; font-family: Rufina, sans-serif;\"><span style=\"color: #3366ff;\">zona (en compl\u00e9ment d\u2019un traitement m\u00e9dical)<\/span><\/li><li style=\"color: #0000aa; font-family: Rufina, sans-serif;\"><span style=\"color: #3366ff;\">aide \u00e0 la perte de poids- troubles alimentaires<\/span><\/li><li style=\"color: #0000aa; font-family: Rufina, sans-serif;\"><span style=\"color: #3366ff;\">probl\u00e8mes intestinaux<\/span><\/li><li style=\"color: #0000aa; font-family: Rufina, sans-serif;\"><span style=\"color: #3366ff;\">aide \u00e0 la cicatrisation\u2026.<\/span><\/li><li>\u00a0<\/li><li><strong><span style=\"color: #0000ff;\">(liste non exhaustive)<\/span><\/strong><\/li><\/ul><p style=\"color: #0000aa; font-family: Rufina, sans-serif;\"><span style=\"font-weight: bold; color: #3366ff;\">Le magn\u00e9tisme est\u00a0curatif mais\u00a0il peut \u00e9galement \u00eatre utilis\u00e9 \u00e0 titre pr\u00e9ventif par exemple en traitant le stress intense avant qu\u2019il ne se traduise en burn-out, l\u2019\u00e9tape ultime<\/span><\/p>\t\t\t\t\t\t<\/div>\n\t\t\t\t<\/div>\n\t\t\t\t\t<\/div>\n\t\t<\/div>\n\t\t\t\t\t\t\t<\/div>\n\t\t<\/section>\n\t\t\t\t<section class=\"elementor-section elementor-top-section elementor-element elementor-element-1292c20 elementor-section-stretched elementor-section-content-middle elementor-section-boxed elementor-section-height-default elementor-section-height-default\" data-id=\"1292c20\" data-element_type=\"section\" data-settings=\"{&quot;stretch_section&quot;:&quot;section-stretched&quot;}\">\n\t\t\t\t\t\t<div class=\"elementor-container elementor-column-gap-default\">\n\t\t\t\t\t<div class=\"elementor-column elementor-col-100 elementor-top-column elementor-element elementor-element-6762e6e\" data-id=\"6762e6e\" data-element_type=\"column\">\n\t\t\t<div class=\"elementor-widget-wrap elementor-element-populated\">\n\t\t\t\t\t\t\t\t<div class=\"elementor-element elementor-element-1ae736d elementor-widget elementor-widget-text-editor\" data-id=\"1ae736d\" data-element_type=\"widget\" data-widget_type=\"text-editor.default\">\n\t\t\t\t<div class=\"elementor-widget-container\">\n\t\t\t\t\t\t\t<p>&#8230;&#8230;&#8230;&#8230;&#8230;.<\/p><p><span style=\"color: #3366ff; font-family: Rufina, sans-serif;\"><b>COUPURE DE FEU<\/b><\/span><\/p>\t\t\t\t\t\t<\/div>\n\t\t\t\t<\/div>\n\t\t\t\t\t<\/div>\n\t\t<\/div>\n\t\t\t\t\t\t\t<\/div>\n\t\t<\/section>\n\t\t\t\t<section class=\"elementor-section elementor-top-section elementor-element elementor-element-fdd4b1a elementor-section-stretched elementor-section-content-middle elementor-section-boxed elementor-section-height-default elementor-section-height-default\" data-id=\"fdd4b1a\" data-element_type=\"section\" data-settings=\"{&quot;stretch_section&quot;:&quot;section-stretched&quot;}\">\n\t\t\t\t\t\t<div class=\"elementor-container elementor-column-gap-default\">\n\t\t\t\t\t<div class=\"elementor-column elementor-col-100 elementor-top-column elementor-element elementor-element-3065967\" data-id=\"3065967\" data-element_type=\"column\">\n\t\t\t<div class=\"elementor-widget-wrap elementor-element-populated\">\n\t\t\t\t\t\t\t\t<div class=\"elementor-element elementor-element-09ee3b8 elementor-widget elementor-widget-text-editor\" data-id=\"09ee3b8\" data-element_type=\"widget\" data-widget_type=\"text-editor.default\">\n\t\t\t\t<div class=\"elementor-widget-container\">\n\t\t\t\t\t\t\t<p style=\"color: #0000aa; font-family: Rufina, sans-serif;\"><span style=\"font-size: 1rem; color: #3366ff;\">&#8211;\u00a0Le coupeur de feu intervient dans les cas de br\u00fblures classiques, mais aussi en compl\u00e9ment de traitements lourds pouvant engendrer des sensations de br\u00fblure.<\/span><\/p><p style=\"color: #0000aa; font-family: Rufina, sans-serif;\"><span style=\"color: #3366ff;\">(J\u2019ai eu \u00e9galemant, \u00e0 titre personnel, de tr\u00e8s bons r\u00e9sultats sur : piq\u00fbre de gu\u00eape, saignements&#8230;)<\/span><\/p><p style=\"color: #0000aa; font-family: Rufina, sans-serif;\"><span style=\"color: #3366ff;\">&#8211;\u00a0\u00c9tant donn\u00e9 le caract\u00e8re d\u2019urgence en cas de br\u00fblure, le plus simple est d\u2019envoyer une photo de la br\u00fblure par SMS ou mail lors de votre appel t\u00e9l\u00e9phonique, de fa\u00e7on \u00e0 pouvoir la traiter au plus vite.<\/span><br \/><span style=\"color: #3366ff;\"><strong>N.B. :\u00a0cela ne dispense en aucun cas de d\u00e9sinfecter la peau et surtout de consulter un m\u00e9decin si la br\u00fblure n\u2019est pas superficielle.<\/strong><\/span><\/p>\t\t\t\t\t\t<\/div>\n\t\t\t\t<\/div>\n\t\t\t\t\t<\/div>\n\t\t<\/div>\n\t\t\t\t\t\t\t<\/div>\n\t\t<\/section>\n\t\t\t\t\t\t\t<\/div>\n\t\t","protected":false},"excerpt":{"rendered":"<p>QU\u2019EST-CE-QUE LE MAGN\u00c9TISME\u00a0? Le magn\u00e9tisme existe depuis la nuit des temps.\u00a0 Il a travers\u00e9 toutes les \u00e9poques :\u00a0il est \u00e9voqu\u00e9 dans de nombreuses civilisations (l\u2019Egypte ancienne, l\u2019Antiquit\u00e9\u2026.) et est pr\u00e9sent sur tous les continents sous des noms diff\u00e9rents :\u00a0le \u00ab Chi \u00bb en Asie, le \u00ab\u00a0Ki\u00a0\u00bb au Japon ou encore le \u00ab\u00a0Pran\u00e2\u00a0en Inde&#8230;)Il consiste, de &hellip; <\/p>\n<p class=\"link-more\"><a href=\"https:\/\/chantal-abadie-magnetiseur.com\/index.php\/le-magnetisme\/\" class=\"more-link\">Continuer la lecture<span class=\"screen-reader-text\"> de &laquo;&nbsp;&nbsp;&raquo;<\/span><\/a><\/p>\n","protected":false},"author":1,"featured_media":0,"parent":0,"menu_order":0,"comment_status":"closed","ping_status":"closed","template":"","meta":{"footnotes":""},"yoast_head":"<!-- This site is optimized with the Yoast SEO plugin v21.6 - https:\/\/yoast.com\/wordpress\/plugins\/seo\/ -->\n<title>- Chantal Abadie Magn\u00e9tiseur 78<\/title>\n<meta name=\"robots\" content=\"index, follow, max-snippet:-1, max-image-preview:large, max-video-preview:-1\" \/>\n<link rel=\"canonical\" href=\"https:\/\/chantal-abadie-magnetiseur.com\/index.php\/le-magnetisme\/\" \/>\n<meta property=\"og:locale\" content=\"fr_FR\" \/>\n<meta property=\"og:type\" content=\"article\" \/>\n<meta property=\"og:title\" content=\"- Chantal Abadie Magn\u00e9tiseur 78\" \/>\n<meta property=\"og:description\" content=\"QU\u2019EST-CE-QUE LE MAGN\u00c9TISME\u00a0? Le magn\u00e9tisme existe depuis la nuit des temps.\u00a0 Il a travers\u00e9 toutes les \u00e9poques :\u00a0il est \u00e9voqu\u00e9 dans de nombreuses civilisations (l\u2019Egypte ancienne, l\u2019Antiquit\u00e9\u2026.) et est pr\u00e9sent sur tous les continents sous des noms diff\u00e9rents :\u00a0le \u00ab Chi \u00bb en Asie, le \u00ab\u00a0Ki\u00a0\u00bb au Japon ou encore le \u00ab\u00a0Pran\u00e2\u00a0en Inde&#8230;)Il consiste, de &hellip; Continuer la lecture de &laquo;&nbsp;&nbsp;&raquo;\" \/>\n<meta property=\"og:url\" content=\"https:\/\/chantal-abadie-magnetiseur.com\/index.php\/le-magnetisme\/\" \/>\n<meta property=\"og:site_name\" content=\"Chantal Abadie Magn\u00e9tiseur 78\" \/>\n<meta property=\"article:modified_time\" content=\"2020-02-18T13:52:00+00:00\" \/>\n<meta property=\"og:image\" content=\"http:\/\/chantal-abadie-magnetiseur.com\/wp-content\/uploads\/2019\/06\/AdobeStock_104361395-1024x685.jpeg\" \/>\n<meta name=\"twitter:card\" content=\"summary_large_image\" \/>\n<meta name=\"twitter:label1\" content=\"Dur\u00e9e de lecture estim\u00e9e\" \/>\n\t<meta name=\"twitter:data1\" content=\"2 minutes\" \/>\n<script type=\"application\/ld+json\" class=\"yoast-schema-graph\">{\"@context\":\"https:\/\/schema.org\",\"@graph\":[{\"@type\":\"WebPage\",\"@id\":\"https:\/\/chantal-abadie-magnetiseur.com\/index.php\/le-magnetisme\/\",\"url\":\"https:\/\/chantal-abadie-magnetiseur.com\/index.php\/le-magnetisme\/\",\"name\":\"- Chantal Abadie Magn\u00e9tiseur 78\",\"isPartOf\":{\"@id\":\"https:\/\/chantal-abadie-magnetiseur.com\/#website\"},\"datePublished\":\"2019-04-27T20:28:16+00:00\",\"dateModified\":\"2020-02-18T13:52:00+00:00\",\"inLanguage\":\"fr-FR\",\"potentialAction\":[{\"@type\":\"ReadAction\",\"target\":[\"https:\/\/chantal-abadie-magnetiseur.com\/index.php\/le-magnetisme\/\"]}]},{\"@type\":\"WebSite\",\"@id\":\"https:\/\/chantal-abadie-magnetiseur.com\/#website\",\"url\":\"https:\/\/chantal-abadie-magnetiseur.com\/\",\"name\":\"Chantal Abadie Magn\u00e9tiseur 78\",\"description\":\"Soins par magn\u00e9tisme\",\"potentialAction\":[{\"@type\":\"SearchAction\",\"target\":{\"@type\":\"EntryPoint\",\"urlTemplate\":\"https:\/\/chantal-abadie-magnetiseur.com\/?s={search_term_string}\"},\"query-input\":\"required name=search_term_string\"}],\"inLanguage\":\"fr-FR\"}]}<\/script>\n<!-- \/ Yoast SEO plugin. -->","yoast_head_json":{"title":"- Chantal Abadie Magn\u00e9tiseur 78","robots":{"index":"index","follow":"follow","max-snippet":"max-snippet:-1","max-image-preview":"max-image-preview:large","max-video-preview":"max-video-preview:-1"},"canonical":"https:\/\/chantal-abadie-magnetiseur.com\/index.php\/le-magnetisme\/","og_locale":"fr_FR","og_type":"article","og_title":"- Chantal Abadie Magn\u00e9tiseur 78","og_description":"QU\u2019EST-CE-QUE LE MAGN\u00c9TISME\u00a0? Le magn\u00e9tisme existe depuis la nuit des temps.\u00a0 Il a travers\u00e9 toutes les \u00e9poques :\u00a0il est \u00e9voqu\u00e9 dans de nombreuses civilisations (l\u2019Egypte ancienne, l\u2019Antiquit\u00e9\u2026.) et est pr\u00e9sent sur tous les continents sous des noms diff\u00e9rents :\u00a0le \u00ab Chi \u00bb en Asie, le \u00ab\u00a0Ki\u00a0\u00bb au Japon ou encore le \u00ab\u00a0Pran\u00e2\u00a0en Inde&#8230;)Il consiste, de &hellip; Continuer la lecture de &laquo;&nbsp;&nbsp;&raquo;","og_url":"https:\/\/chantal-abadie-magnetiseur.com\/index.php\/le-magnetisme\/","og_site_name":"Chantal Abadie Magn\u00e9tiseur 78","article_modified_time":"2020-02-18T13:52:00+00:00","og_image":[{"url":"http:\/\/chantal-abadie-magnetiseur.com\/wp-content\/uploads\/2019\/06\/AdobeStock_104361395-1024x685.jpeg"}],"twitter_card":"summary_large_image","twitter_misc":{"Dur\u00e9e de lecture estim\u00e9e":"2 minutes"},"schema":{"@context":"https:\/\/schema.org","@graph":[{"@type":"WebPage","@id":"https:\/\/chantal-abadie-magnetiseur.com\/index.php\/le-magnetisme\/","url":"https:\/\/chantal-abadie-magnetiseur.com\/index.php\/le-magnetisme\/","name":"- Chantal Abadie Magn\u00e9tiseur 78","isPartOf":{"@id":"https:\/\/chantal-abadie-magnetiseur.com\/#website"},"datePublished":"2019-04-27T20:28:16+00:00","dateModified":"2020-02-18T13:52:00+00:00","inLanguage":"fr-FR","potentialAction":[{"@type":"ReadAction","target":["https:\/\/chantal-abadie-magnetiseur.com\/index.php\/le-magnetisme\/"]}]},{"@type":"WebSite","@id":"https:\/\/chantal-abadie-magnetiseur.com\/#website","url":"https:\/\/chantal-abadie-magnetiseur.com\/","name":"Chantal Abadie Magn\u00e9tiseur 78","description":"Soins par magn\u00e9tisme","potentialAction":[{"@type":"SearchAction","target":{"@type":"EntryPoint","urlTemplate":"https:\/\/chantal-abadie-magnetiseur.com\/?s={search_term_string}"},"query-input":"required name=search_term_string"}],"inLanguage":"fr-FR"}]}},"_links":{"self":[{"href":"https:\/\/chantal-abadie-magnetiseur.com\/index.php\/wp-json\/wp\/v2\/pages\/54"}],"collection":[{"href":"https:\/\/chantal-abadie-magnetiseur.com\/index.php\/wp-json\/wp\/v2\/pages"}],"about":[{"href":"https:\/\/chantal-abadie-magnetiseur.com\/index.php\/wp-json\/wp\/v2\/types\/page"}],"author":[{"embeddable":true,"href":"https:\/\/chantal-abadie-magnetiseur.com\/index.php\/wp-json\/wp\/v2\/users\/1"}],"replies":[{"embeddable":true,"href":"https:\/\/chantal-abadie-magnetiseur.com\/index.php\/wp-json\/wp\/v2\/comments?post=54"}],"version-history":[{"count":37,"href":"https:\/\/chantal-abadie-magnetiseur.com\/index.php\/wp-json\/wp\/v2\/pages\/54\/revisions"}],"predecessor-version":[{"id":524,"href":"https:\/\/chantal-abadie-magnetiseur.com\/index.php\/wp-json\/wp\/v2\/pages\/54\/revisions\/524"}],"wp:attachment":[{"href":"https:\/\/chantal-abadie-magnetiseur.com\/index.php\/wp-json\/wp\/v2\/media?parent=54"}],"curies":[{"name":"wp","href":"https:\/\/api.w.org\/{rel}","templated":true}]}}