{"id":17,"date":"2019-04-10T21:13:13","date_gmt":"2019-04-10T19:13:13","guid":{"rendered":"http:\/\/chantal-abadie-magnetiseur.com\/?page_id=17"},"modified":"2020-07-15T17:26:16","modified_gmt":"2020-07-15T15:26:16","slug":"accueil","status":"publish","type":"page","link":"https:\/\/chantal-abadie-magnetiseur.com\/","title":{"rendered":"Elementor #17"},"content":{"rendered":"\t\t<div data-elementor-type=\"wp-post\" data-elementor-id=\"17\" class=\"elementor elementor-17\">\n\t\t\t\t\t\t\t\t\t<section class=\"elementor-section elementor-top-section elementor-element elementor-element-28ab7b0f elementor-section-stretched elementor-section-content-middle elementor-section-boxed elementor-section-height-default elementor-section-height-default\" data-id=\"28ab7b0f\" data-element_type=\"section\" data-settings=\"{&quot;stretch_section&quot;:&quot;section-stretched&quot;}\">\n\t\t\t\t\t\t<div class=\"elementor-container elementor-column-gap-no\">\n\t\t\t\t\t<div class=\"elementor-column elementor-col-100 elementor-top-column elementor-element elementor-element-1b7b7ff5\" data-id=\"1b7b7ff5\" data-element_type=\"column\">\n\t\t\t<div class=\"elementor-widget-wrap elementor-element-populated\">\n\t\t\t\t\t\t\t\t<div class=\"elementor-element elementor-element-e2cbf27 elementor-invisible elementor-widget elementor-widget-text-editor\" data-id=\"e2cbf27\" data-element_type=\"widget\" data-settings=\"{&quot;_animation&quot;:&quot;fadeInDown&quot;}\" data-widget_type=\"text-editor.default\">\n\t\t\t\t<div class=\"elementor-widget-container\">\n\t\t\t\t\t\t\t<p><span style=\"color: #3366ff;\">Bienvenue<strong> !\u00a0<\/strong><\/span><\/p><p><span style=\"color: #3366ff;\">Je\u00a0 propose de mettre \u00e0 votre disposition toute mon \u00e9coute, ma bienveillance et mon empathie, ainsi que les pr\u00e9dispositions qui m&rsquo;ont \u00e9t\u00e9 donn\u00e9es, au service de votre bien-\u00eatre pour soulager vos divers maux.<\/span><\/p><p style=\"text-align: start;\"><span style=\"color: #3366ff; font-family: Arial, Helvetica, sans-serif; font-size: small;\">Num\u00e9ro de t\u00e9l\u00e9phone : 06.07.67.85.42\u00a0<\/span><\/p><p style=\"text-align: start;\"><span style=\"color: #3366ff; font-family: Arial, Helvetica, sans-serif; font-size: small;\">Adresse e-mail : contact@chantal-abadie-magnetiseur.com\u00a0 \u00a0<\/span><\/p>\t\t\t\t\t\t<\/div>\n\t\t\t\t<\/div>\n\t\t\t\t\t<\/div>\n\t\t<\/div>\n\t\t\t\t\t\t\t<\/div>\n\t\t<\/section>\n\t\t\t\t<section class=\"elementor-section elementor-top-section elementor-element elementor-element-1c7a479 elementor-section-stretched elementor-section-boxed elementor-section-height-default elementor-section-height-default\" data-id=\"1c7a479\" data-element_type=\"section\" data-settings=\"{&quot;stretch_section&quot;:&quot;section-stretched&quot;}\">\n\t\t\t\t\t\t<div class=\"elementor-container elementor-column-gap-default\">\n\t\t\t\t\t<div class=\"elementor-column elementor-col-100 elementor-top-column elementor-element elementor-element-d24090f\" data-id=\"d24090f\" data-element_type=\"column\">\n\t\t\t<div class=\"elementor-widget-wrap elementor-element-populated\">\n\t\t\t\t\t\t\t\t<div class=\"elementor-element elementor-element-baa2fce elementor-widget elementor-widget-spacer\" data-id=\"baa2fce\" data-element_type=\"widget\" data-widget_type=\"spacer.default\">\n\t\t\t\t<div class=\"elementor-widget-container\">\n\t\t\t\t\t<div class=\"elementor-spacer\">\n\t\t\t<div class=\"elementor-spacer-inner\"><\/div>\n\t\t<\/div>\n\t\t\t\t<\/div>\n\t\t\t\t<\/div>\n\t\t\t\t\t<\/div>\n\t\t<\/div>\n\t\t\t\t\t\t\t<\/div>\n\t\t<\/section>\n\t\t\t\t<section class=\"elementor-section elementor-top-section elementor-element elementor-element-6ab11b4 elementor-section-stretched elementor-section-content-middle elementor-section-boxed elementor-section-height-default elementor-section-height-default\" data-id=\"6ab11b4\" data-element_type=\"section\" data-settings=\"{&quot;stretch_section&quot;:&quot;section-stretched&quot;}\">\n\t\t\t\t\t\t<div class=\"elementor-container elementor-column-gap-default\">\n\t\t\t\t\t<div class=\"elementor-column elementor-col-100 elementor-top-column elementor-element elementor-element-71c8e9a\" data-id=\"71c8e9a\" data-element_type=\"column\">\n\t\t\t<div class=\"elementor-widget-wrap elementor-element-populated\">\n\t\t\t\t\t\t\t\t<div class=\"elementor-element elementor-element-6fd1e4e elementor-pagination-position-outside elementor-widget elementor-widget-image-carousel\" data-id=\"6fd1e4e\" data-element_type=\"widget\" data-settings=\"{&quot;slides_to_show&quot;:&quot;3&quot;,&quot;navigation&quot;:&quot;dots&quot;,&quot;pause_on_hover&quot;:&quot;no&quot;,&quot;image_spacing_custom&quot;:{&quot;unit&quot;:&quot;px&quot;,&quot;size&quot;:58,&quot;sizes&quot;:[]},&quot;autoplay&quot;:&quot;yes&quot;,&quot;pause_on_interaction&quot;:&quot;yes&quot;,&quot;autoplay_speed&quot;:5000,&quot;infinite&quot;:&quot;yes&quot;,&quot;speed&quot;:500,&quot;image_spacing_custom_tablet&quot;:{&quot;unit&quot;:&quot;px&quot;,&quot;size&quot;:&quot;&quot;,&quot;sizes&quot;:[]},&quot;image_spacing_custom_mobile&quot;:{&quot;unit&quot;:&quot;px&quot;,&quot;size&quot;:&quot;&quot;,&quot;sizes&quot;:[]}}\" data-widget_type=\"image-carousel.default\">\n\t\t\t\t<div class=\"elementor-widget-container\">\n\t\t\t\t\t<div class=\"elementor-image-carousel-wrapper swiper-container\" dir=\"ltr\">\n\t\t\t<div class=\"elementor-image-carousel swiper-wrapper\" aria-live=\"off\">\n\t\t\t\t\t\t\t\t<div class=\"swiper-slide\" role=\"group\" aria-roledescription=\"slide\" aria-label=\"1 sur 10\"><figure class=\"swiper-slide-inner\"><img decoding=\"async\" class=\"swiper-slide-image\" src=\"https:\/\/chantal-abadie-magnetiseur.com\/wp-content\/uploads\/2019\/06\/Plan-de-travail-1-8-300x300.png\" alt=\"Plan de travail 1-8\" \/><\/figure><\/div><div class=\"swiper-slide\" role=\"group\" aria-roledescription=\"slide\" aria-label=\"2 sur 10\"><figure class=\"swiper-slide-inner\"><img decoding=\"async\" class=\"swiper-slide-image\" src=\"https:\/\/chantal-abadie-magnetiseur.com\/wp-content\/uploads\/2019\/06\/Plan-de-travail-4-8-300x300.png\" alt=\"Plan de travail 4-8\" \/><\/figure><\/div><div class=\"swiper-slide\" role=\"group\" aria-roledescription=\"slide\" aria-label=\"3 sur 10\"><figure class=\"swiper-slide-inner\"><img decoding=\"async\" class=\"swiper-slide-image\" src=\"https:\/\/chantal-abadie-magnetiseur.com\/wp-content\/uploads\/2019\/06\/Plan-de-travail-2-8-300x300.png\" alt=\"Plan de travail 2-8\" \/><\/figure><\/div><div class=\"swiper-slide\" role=\"group\" aria-roledescription=\"slide\" aria-label=\"4 sur 10\"><figure class=\"swiper-slide-inner\"><img decoding=\"async\" class=\"swiper-slide-image\" src=\"https:\/\/chantal-abadie-magnetiseur.com\/wp-content\/uploads\/2019\/06\/Plan-de-travail-10-8-300x300.png\" alt=\"Plan de travail 10-8\" \/><\/figure><\/div><div class=\"swiper-slide\" role=\"group\" aria-roledescription=\"slide\" aria-label=\"5 sur 10\"><figure class=\"swiper-slide-inner\"><img decoding=\"async\" class=\"swiper-slide-image\" src=\"https:\/\/chantal-abadie-magnetiseur.com\/wp-content\/uploads\/2019\/06\/Plan-de-travail-5-8-300x300.png\" alt=\"Plan de travail 5-8\" \/><\/figure><\/div><div class=\"swiper-slide\" role=\"group\" aria-roledescription=\"slide\" aria-label=\"6 sur 10\"><figure class=\"swiper-slide-inner\"><img decoding=\"async\" class=\"swiper-slide-image\" src=\"https:\/\/chantal-abadie-magnetiseur.com\/wp-content\/uploads\/2019\/06\/Plan-de-travail-6-8-300x300.png\" alt=\"Plan de travail 6-8\" \/><\/figure><\/div><div class=\"swiper-slide\" role=\"group\" aria-roledescription=\"slide\" aria-label=\"7 sur 10\"><figure class=\"swiper-slide-inner\"><img decoding=\"async\" class=\"swiper-slide-image\" src=\"https:\/\/chantal-abadie-magnetiseur.com\/wp-content\/uploads\/2019\/06\/Plan-de-travail-8-8-300x300.png\" alt=\"Plan de travail 8-8\" \/><\/figure><\/div><div class=\"swiper-slide\" role=\"group\" aria-roledescription=\"slide\" aria-label=\"8 sur 10\"><figure class=\"swiper-slide-inner\"><img decoding=\"async\" class=\"swiper-slide-image\" src=\"https:\/\/chantal-abadie-magnetiseur.com\/wp-content\/uploads\/2019\/06\/Plan-de-travail-7-8-300x300.png\" alt=\"Plan de travail 7-8\" \/><\/figure><\/div><div class=\"swiper-slide\" role=\"group\" aria-roledescription=\"slide\" aria-label=\"9 sur 10\"><figure class=\"swiper-slide-inner\"><img decoding=\"async\" class=\"swiper-slide-image\" src=\"https:\/\/chantal-abadie-magnetiseur.com\/wp-content\/uploads\/2019\/06\/Plan-de-travail-3-8-300x300.png\" alt=\"Plan de travail 3-8\" \/><\/figure><\/div><div class=\"swiper-slide\" role=\"group\" aria-roledescription=\"slide\" aria-label=\"10 sur 10\"><figure class=\"swiper-slide-inner\"><img decoding=\"async\" class=\"swiper-slide-image\" src=\"https:\/\/chantal-abadie-magnetiseur.com\/wp-content\/uploads\/2019\/06\/Plan-de-travail-9-8-300x300.png\" alt=\"Plan de travail 9-8\" \/><\/figure><\/div>\t\t\t<\/div>\n\t\t\t\t\t\t\t\n\t\t\t\t\t\t\t\t\t<div class=\"swiper-pagination\"><\/div>\n\t\t\t\t\t\t\t\t\t<\/div>\n\t\t\t\t<\/div>\n\t\t\t\t<\/div>\n\t\t\t\t\t<\/div>\n\t\t<\/div>\n\t\t\t\t\t\t\t<\/div>\n\t\t<\/section>\n\t\t\t\t\t\t\t<\/div>\n\t\t","protected":false},"excerpt":{"rendered":"<p>Bienvenue !&nbsp; Je&nbsp; propose de mettre \u00e0 votre disposition toute mon \u00e9coute, ma bienveillance et mon empathie, ainsi que les pr\u00e9dispositions qui m&rsquo;ont \u00e9t\u00e9 donn\u00e9es, au service de votre bien-\u00eatre pour soulager vos divers maux. Num\u00e9ro de t\u00e9l\u00e9phone : 06.07.67.85.42&nbsp; Adresse e-mail : contact@chantal-abadie-magnetiseur.com&nbsp; &nbsp;<\/p>\n","protected":false},"author":1,"featured_media":0,"parent":0,"menu_order":0,"comment_status":"closed","ping_status":"closed","template":"","meta":{"footnotes":""},"yoast_head":"<!-- This site is optimized with the Yoast SEO plugin v21.6 - https:\/\/yoast.com\/wordpress\/plugins\/seo\/ -->\n<title>Elementor #17 - Chantal Abadie Magn\u00e9tiseur 78<\/title>\n<meta name=\"robots\" content=\"index, follow, max-snippet:-1, max-image-preview:large, max-video-preview:-1\" \/>\n<link rel=\"canonical\" href=\"https:\/\/chantal-abadie-magnetiseur.com\/\" \/>\n<meta property=\"og:locale\" content=\"fr_FR\" \/>\n<meta property=\"og:type\" content=\"article\" \/>\n<meta property=\"og:title\" content=\"Elementor #17 - Chantal Abadie Magn\u00e9tiseur 78\" \/>\n<meta property=\"og:description\" content=\"Bienvenue !&nbsp; Je&nbsp; propose de mettre \u00e0 votre disposition toute mon \u00e9coute, ma bienveillance et mon empathie, ainsi que les pr\u00e9dispositions qui m&rsquo;ont \u00e9t\u00e9 donn\u00e9es, au service de votre bien-\u00eatre pour soulager vos divers maux. Num\u00e9ro de t\u00e9l\u00e9phone : 06.07.67.85.42&nbsp; Adresse e-mail : contact@chantal-abadie-magnetiseur.com&nbsp; &nbsp;\" \/>\n<meta property=\"og:url\" content=\"https:\/\/chantal-abadie-magnetiseur.com\/\" \/>\n<meta property=\"og:site_name\" content=\"Chantal Abadie Magn\u00e9tiseur 78\" \/>\n<meta property=\"article:modified_time\" content=\"2020-07-15T15:26:16+00:00\" \/>\n<meta property=\"og:image\" content=\"http:\/\/chantal-abadie-magnetiseur.com\/wp-content\/uploads\/2019\/06\/Plan-de-travail-1-8-300x300.png\" \/>\n<meta name=\"twitter:card\" content=\"summary_large_image\" \/>\n<script type=\"application\/ld+json\" class=\"yoast-schema-graph\">{\"@context\":\"https:\/\/schema.org\",\"@graph\":[{\"@type\":\"WebPage\",\"@id\":\"https:\/\/chantal-abadie-magnetiseur.com\/\",\"url\":\"https:\/\/chantal-abadie-magnetiseur.com\/\",\"name\":\"Elementor #17 - Chantal Abadie Magn\u00e9tiseur 78\",\"isPartOf\":{\"@id\":\"https:\/\/chantal-abadie-magnetiseur.com\/#website\"},\"datePublished\":\"2019-04-10T19:13:13+00:00\",\"dateModified\":\"2020-07-15T15:26:16+00:00\",\"breadcrumb\":{\"@id\":\"https:\/\/chantal-abadie-magnetiseur.com\/#breadcrumb\"},\"inLanguage\":\"fr-FR\",\"potentialAction\":[{\"@type\":\"ReadAction\",\"target\":[\"https:\/\/chantal-abadie-magnetiseur.com\/\"]}]},{\"@type\":\"BreadcrumbList\",\"@id\":\"https:\/\/chantal-abadie-magnetiseur.com\/#breadcrumb\",\"itemListElement\":[{\"@type\":\"ListItem\",\"position\":1,\"name\":\"Accueil\",\"item\":\"https:\/\/chantal-abadie-magnetiseur.com\/\"},{\"@type\":\"ListItem\",\"position\":2,\"name\":\"Elementor #17\"}]},{\"@type\":\"WebSite\",\"@id\":\"https:\/\/chantal-abadie-magnetiseur.com\/#website\",\"url\":\"https:\/\/chantal-abadie-magnetiseur.com\/\",\"name\":\"Chantal Abadie Magn\u00e9tiseur 78\",\"description\":\"Soins par magn\u00e9tisme\",\"potentialAction\":[{\"@type\":\"SearchAction\",\"target\":{\"@type\":\"EntryPoint\",\"urlTemplate\":\"https:\/\/chantal-abadie-magnetiseur.com\/?s={search_term_string}\"},\"query-input\":\"required name=search_term_string\"}],\"inLanguage\":\"fr-FR\"}]}<\/script>\n<!-- \/ Yoast SEO plugin. -->","yoast_head_json":{"title":"Elementor #17 - Chantal Abadie Magn\u00e9tiseur 78","robots":{"index":"index","follow":"follow","max-snippet":"max-snippet:-1","max-image-preview":"max-image-preview:large","max-video-preview":"max-video-preview:-1"},"canonical":"https:\/\/chantal-abadie-magnetiseur.com\/","og_locale":"fr_FR","og_type":"article","og_title":"Elementor #17 - Chantal Abadie Magn\u00e9tiseur 78","og_description":"Bienvenue !&nbsp; Je&nbsp; propose de mettre \u00e0 votre disposition toute mon \u00e9coute, ma bienveillance et mon empathie, ainsi que les pr\u00e9dispositions qui m&rsquo;ont \u00e9t\u00e9 donn\u00e9es, au service de votre bien-\u00eatre pour soulager vos divers maux. Num\u00e9ro de t\u00e9l\u00e9phone : 06.07.67.85.42&nbsp; Adresse e-mail : contact@chantal-abadie-magnetiseur.com&nbsp; &nbsp;","og_url":"https:\/\/chantal-abadie-magnetiseur.com\/","og_site_name":"Chantal Abadie Magn\u00e9tiseur 78","article_modified_time":"2020-07-15T15:26:16+00:00","og_image":[{"url":"http:\/\/chantal-abadie-magnetiseur.com\/wp-content\/uploads\/2019\/06\/Plan-de-travail-1-8-300x300.png"}],"twitter_card":"summary_large_image","schema":{"@context":"https:\/\/schema.org","@graph":[{"@type":"WebPage","@id":"https:\/\/chantal-abadie-magnetiseur.com\/","url":"https:\/\/chantal-abadie-magnetiseur.com\/","name":"Elementor #17 - Chantal Abadie Magn\u00e9tiseur 78","isPartOf":{"@id":"https:\/\/chantal-abadie-magnetiseur.com\/#website"},"datePublished":"2019-04-10T19:13:13+00:00","dateModified":"2020-07-15T15:26:16+00:00","breadcrumb":{"@id":"https:\/\/chantal-abadie-magnetiseur.com\/#breadcrumb"},"inLanguage":"fr-FR","potentialAction":[{"@type":"ReadAction","target":["https:\/\/chantal-abadie-magnetiseur.com\/"]}]},{"@type":"BreadcrumbList","@id":"https:\/\/chantal-abadie-magnetiseur.com\/#breadcrumb","itemListElement":[{"@type":"ListItem","position":1,"name":"Accueil","item":"https:\/\/chantal-abadie-magnetiseur.com\/"},{"@type":"ListItem","position":2,"name":"Elementor #17"}]},{"@type":"WebSite","@id":"https:\/\/chantal-abadie-magnetiseur.com\/#website","url":"https:\/\/chantal-abadie-magnetiseur.com\/","name":"Chantal Abadie Magn\u00e9tiseur 78","description":"Soins par magn\u00e9tisme","potentialAction":[{"@type":"SearchAction","target":{"@type":"EntryPoint","urlTemplate":"https:\/\/chantal-abadie-magnetiseur.com\/?s={search_term_string}"},"query-input":"required name=search_term_string"}],"inLanguage":"fr-FR"}]}},"_links":{"self":[{"href":"https:\/\/chantal-abadie-magnetiseur.com\/index.php\/wp-json\/wp\/v2\/pages\/17"}],"collection":[{"href":"https:\/\/chantal-abadie-magnetiseur.com\/index.php\/wp-json\/wp\/v2\/pages"}],"about":[{"href":"https:\/\/chantal-abadie-magnetiseur.com\/index.php\/wp-json\/wp\/v2\/types\/page"}],"author":[{"embeddable":true,"href":"https:\/\/chantal-abadie-magnetiseur.com\/index.php\/wp-json\/wp\/v2\/users\/1"}],"replies":[{"embeddable":true,"href":"https:\/\/chantal-abadie-magnetiseur.com\/index.php\/wp-json\/wp\/v2\/comments?post=17"}],"version-history":[{"count":31,"href":"https:\/\/chantal-abadie-magnetiseur.com\/index.php\/wp-json\/wp\/v2\/pages\/17\/revisions"}],"predecessor-version":[{"id":537,"href":"https:\/\/chantal-abadie-magnetiseur.com\/index.php\/wp-json\/wp\/v2\/pages\/17\/revisions\/537"}],"wp:attachment":[{"href":"https:\/\/chantal-abadie-magnetiseur.com\/index.php\/wp-json\/wp\/v2\/media?parent=17"}],"curies":[{"name":"wp","href":"https:\/\/api.w.org\/{rel}","templated":true}]}}