{"id":146,"date":"2019-05-24T14:30:51","date_gmt":"2019-05-24T12:30:51","guid":{"rendered":"http:\/\/chantal-abadie-magnetiseur.com\/?page_id=146"},"modified":"2020-02-18T15:57:18","modified_gmt":"2020-02-18T14:57:18","slug":"tarifs","status":"publish","type":"page","link":"https:\/\/chantal-abadie-magnetiseur.com\/index.php\/tarifs\/","title":{"rendered":""},"content":{"rendered":"\t\t<div data-elementor-type=\"wp-post\" data-elementor-id=\"146\" class=\"elementor elementor-146\">\n\t\t\t\t\t\t\t\t\t<section class=\"elementor-section elementor-top-section elementor-element elementor-element-be683b8 elementor-section-stretched elementor-section-content-middle elementor-section-boxed elementor-section-height-default elementor-section-height-default\" data-id=\"be683b8\" data-element_type=\"section\" data-settings=\"{&quot;stretch_section&quot;:&quot;section-stretched&quot;}\">\n\t\t\t\t\t\t<div class=\"elementor-container elementor-column-gap-default\">\n\t\t\t\t\t<div class=\"elementor-column elementor-col-100 elementor-top-column elementor-element elementor-element-364f794\" data-id=\"364f794\" data-element_type=\"column\">\n\t\t\t<div class=\"elementor-widget-wrap elementor-element-populated\">\n\t\t\t\t\t\t\t\t<div class=\"elementor-element elementor-element-315ec56 elementor-widget elementor-widget-image\" data-id=\"315ec56\" data-element_type=\"widget\" data-widget_type=\"image.default\">\n\t\t\t\t<div class=\"elementor-widget-container\">\n\t\t\t\t\t\t\t\t\t\t\t\t\t\t\t<img fetchpriority=\"high\" decoding=\"async\" width=\"525\" height=\"159\" src=\"https:\/\/chantal-abadie-magnetiseur.com\/wp-content\/uploads\/2019\/06\/AdobeStock_80210218-1024x311.jpeg\" class=\"attachment-large size-large wp-image-264\" alt=\"\" srcset=\"https:\/\/chantal-abadie-magnetiseur.com\/wp-content\/uploads\/2019\/06\/AdobeStock_80210218-1024x311.jpeg 1024w, https:\/\/chantal-abadie-magnetiseur.com\/wp-content\/uploads\/2019\/06\/AdobeStock_80210218-300x91.jpeg 300w, https:\/\/chantal-abadie-magnetiseur.com\/wp-content\/uploads\/2019\/06\/AdobeStock_80210218-768x234.jpeg 768w\" sizes=\"100vw\" \/>\t\t\t\t\t\t\t\t\t\t\t\t\t\t\t<\/div>\n\t\t\t\t<\/div>\n\t\t\t\t<div class=\"elementor-element elementor-element-613d63d elementor-widget elementor-widget-text-editor\" data-id=\"613d63d\" data-element_type=\"widget\" data-widget_type=\"text-editor.default\">\n\t\t\t\t<div class=\"elementor-widget-container\">\n\t\t\t\t\t\t\t<ul style=\"color: #0000aa; font-family: Rufina, sans-serif;\"><li><span style=\"color: #3366ff;\"><strong>En<\/strong><span style=\"font-weight: bold;\"> pr\u00e9sence\u00a0:\u00a0 \u00a0 \u00a0 \u00a0 \u00a0 \u00a0 \u00a0 \u00a0 \u00a0 \u00a0 \u00a0<\/span>\u00a060,00 \u20ac\u00a0 \u00a0 \u00a0 \u00a0 \u00a0 \u00a0(Forfait 3 s\u00e9ances : 160,00 \u20ac)<\/span><\/li><li><span style=\"color: #3366ff;\"><span style=\"font-weight: bold;\">A distance\u00a0<\/span>:\u00a0 \u00a0 \u00a0 \u00a0 \u00a0 \u00a0 \u00a0 \u00a0 \u00a0 \u00a0 \u00a0 \u00a0 \u00a045,00 \u20ac<\/span><\/li><li><span style=\"color: #3366ff;\"><span style=\"font-weight: bold;\">Etudiants-enfants<\/span><\/span>\u00a0:<span style=\"color: #3366ff; font-size: 1rem;\">\u00a0 \u00a0 \u00a0 \u00a0 \u00a0 \u00a035,00 \u20ac<\/span><\/li><\/ul><div><p style=\"color: #0000aa; font-family: Rufina, sans-serif; line-height: 0em;\"><span style=\"color: #3366ff;\"><span style=\"text-decoration: underline;\">R\u00e8glement<\/span> :<\/span><\/p><ul style=\"color: #0000aa; font-family: Rufina, sans-serif;\"><li><span style=\"color: #3366ff;\">Esp\u00e8ces<\/span><\/li><li><span style=\"color: #3366ff;\">Ch\u00e8que<\/span><\/li><li><span style=\"color: #3366ff;\">Virement<\/span><\/li><\/ul><p style=\"color: #0000aa; font-family: Rufina, sans-serif;\"><span style=\"color: #3366ff;\"><em>* En cas d\u2019emp\u00eachement, d\u00e9commander le RDV fix\u00e9 dans les 48h avant au minimum car cela peut aider une autre personne. Merci de votre compr\u00e9hension.\u00a0<\/em><\/span><\/p><\/div>\t\t\t\t\t\t<\/div>\n\t\t\t\t<\/div>\n\t\t\t\t\t<\/div>\n\t\t<\/div>\n\t\t\t\t\t\t\t<\/div>\n\t\t<\/section>\n\t\t\t\t\t\t\t<\/div>\n\t\t","protected":false},"excerpt":{"rendered":"<p>En pr\u00e9sence\u00a0:\u00a0 \u00a0 \u00a0 \u00a0 \u00a0 \u00a0 \u00a0 \u00a0 \u00a0 \u00a0 \u00a0\u00a060,00 \u20ac\u00a0 \u00a0 \u00a0 \u00a0 \u00a0 \u00a0(Forfait 3 s\u00e9ances : 160,00 \u20ac) A distance\u00a0:\u00a0 \u00a0 \u00a0 \u00a0 \u00a0 \u00a0 \u00a0 \u00a0 \u00a0 \u00a0 \u00a0 \u00a0 \u00a045,00 \u20ac Etudiants-enfants\u00a0:\u00a0 \u00a0 \u00a0 \u00a0 \u00a0 \u00a035,00 \u20ac R\u00e8glement : Esp\u00e8ces Ch\u00e8que Virement * En cas d\u2019emp\u00eachement, d\u00e9commander &hellip; <\/p>\n<p class=\"link-more\"><a href=\"https:\/\/chantal-abadie-magnetiseur.com\/index.php\/tarifs\/\" class=\"more-link\">Continuer la lecture<span class=\"screen-reader-text\"> de &laquo;&nbsp;&nbsp;&raquo;<\/span><\/a><\/p>\n","protected":false},"author":1,"featured_media":0,"parent":0,"menu_order":0,"comment_status":"closed","ping_status":"closed","template":"","meta":{"footnotes":""},"yoast_head":"<!-- This site is optimized with the Yoast SEO plugin v21.6 - https:\/\/yoast.com\/wordpress\/plugins\/seo\/ -->\n<title>- Chantal Abadie Magn\u00e9tiseur 78<\/title>\n<meta name=\"robots\" content=\"index, follow, max-snippet:-1, max-image-preview:large, max-video-preview:-1\" \/>\n<link rel=\"canonical\" href=\"https:\/\/chantal-abadie-magnetiseur.com\/index.php\/tarifs\/\" \/>\n<meta property=\"og:locale\" content=\"fr_FR\" \/>\n<meta property=\"og:type\" content=\"article\" \/>\n<meta property=\"og:title\" content=\"- Chantal Abadie Magn\u00e9tiseur 78\" \/>\n<meta property=\"og:description\" content=\"En pr\u00e9sence\u00a0:\u00a0 \u00a0 \u00a0 \u00a0 \u00a0 \u00a0 \u00a0 \u00a0 \u00a0 \u00a0 \u00a0\u00a060,00 \u20ac\u00a0 \u00a0 \u00a0 \u00a0 \u00a0 \u00a0(Forfait 3 s\u00e9ances : 160,00 \u20ac) A distance\u00a0:\u00a0 \u00a0 \u00a0 \u00a0 \u00a0 \u00a0 \u00a0 \u00a0 \u00a0 \u00a0 \u00a0 \u00a0 \u00a045,00 \u20ac Etudiants-enfants\u00a0:\u00a0 \u00a0 \u00a0 \u00a0 \u00a0 \u00a035,00 \u20ac R\u00e8glement : Esp\u00e8ces Ch\u00e8que Virement * En cas d\u2019emp\u00eachement, d\u00e9commander &hellip; Continuer la lecture de &laquo;&nbsp;&nbsp;&raquo;\" \/>\n<meta property=\"og:url\" content=\"https:\/\/chantal-abadie-magnetiseur.com\/index.php\/tarifs\/\" \/>\n<meta property=\"og:site_name\" content=\"Chantal Abadie Magn\u00e9tiseur 78\" \/>\n<meta property=\"article:modified_time\" content=\"2020-02-18T14:57:18+00:00\" \/>\n<meta property=\"og:image\" content=\"http:\/\/chantal-abadie-magnetiseur.com\/wp-content\/uploads\/2019\/06\/AdobeStock_80210218-1024x311.jpeg\" \/>\n<meta name=\"twitter:card\" content=\"summary_large_image\" \/>\n<script type=\"application\/ld+json\" class=\"yoast-schema-graph\">{\"@context\":\"https:\/\/schema.org\",\"@graph\":[{\"@type\":\"WebPage\",\"@id\":\"https:\/\/chantal-abadie-magnetiseur.com\/index.php\/tarifs\/\",\"url\":\"https:\/\/chantal-abadie-magnetiseur.com\/index.php\/tarifs\/\",\"name\":\"- Chantal Abadie Magn\u00e9tiseur 78\",\"isPartOf\":{\"@id\":\"https:\/\/chantal-abadie-magnetiseur.com\/#website\"},\"datePublished\":\"2019-05-24T12:30:51+00:00\",\"dateModified\":\"2020-02-18T14:57:18+00:00\",\"inLanguage\":\"fr-FR\",\"potentialAction\":[{\"@type\":\"ReadAction\",\"target\":[\"https:\/\/chantal-abadie-magnetiseur.com\/index.php\/tarifs\/\"]}]},{\"@type\":\"WebSite\",\"@id\":\"https:\/\/chantal-abadie-magnetiseur.com\/#website\",\"url\":\"https:\/\/chantal-abadie-magnetiseur.com\/\",\"name\":\"Chantal Abadie Magn\u00e9tiseur 78\",\"description\":\"Soins par magn\u00e9tisme\",\"potentialAction\":[{\"@type\":\"SearchAction\",\"target\":{\"@type\":\"EntryPoint\",\"urlTemplate\":\"https:\/\/chantal-abadie-magnetiseur.com\/?s={search_term_string}\"},\"query-input\":\"required name=search_term_string\"}],\"inLanguage\":\"fr-FR\"}]}<\/script>\n<!-- \/ Yoast SEO plugin. -->","yoast_head_json":{"title":"- Chantal Abadie Magn\u00e9tiseur 78","robots":{"index":"index","follow":"follow","max-snippet":"max-snippet:-1","max-image-preview":"max-image-preview:large","max-video-preview":"max-video-preview:-1"},"canonical":"https:\/\/chantal-abadie-magnetiseur.com\/index.php\/tarifs\/","og_locale":"fr_FR","og_type":"article","og_title":"- Chantal Abadie Magn\u00e9tiseur 78","og_description":"En pr\u00e9sence\u00a0:\u00a0 \u00a0 \u00a0 \u00a0 \u00a0 \u00a0 \u00a0 \u00a0 \u00a0 \u00a0 \u00a0\u00a060,00 \u20ac\u00a0 \u00a0 \u00a0 \u00a0 \u00a0 \u00a0(Forfait 3 s\u00e9ances : 160,00 \u20ac) A distance\u00a0:\u00a0 \u00a0 \u00a0 \u00a0 \u00a0 \u00a0 \u00a0 \u00a0 \u00a0 \u00a0 \u00a0 \u00a0 \u00a045,00 \u20ac Etudiants-enfants\u00a0:\u00a0 \u00a0 \u00a0 \u00a0 \u00a0 \u00a035,00 \u20ac R\u00e8glement : Esp\u00e8ces Ch\u00e8que Virement * En cas d\u2019emp\u00eachement, d\u00e9commander &hellip; Continuer la lecture de &laquo;&nbsp;&nbsp;&raquo;","og_url":"https:\/\/chantal-abadie-magnetiseur.com\/index.php\/tarifs\/","og_site_name":"Chantal Abadie Magn\u00e9tiseur 78","article_modified_time":"2020-02-18T14:57:18+00:00","og_image":[{"url":"http:\/\/chantal-abadie-magnetiseur.com\/wp-content\/uploads\/2019\/06\/AdobeStock_80210218-1024x311.jpeg"}],"twitter_card":"summary_large_image","schema":{"@context":"https:\/\/schema.org","@graph":[{"@type":"WebPage","@id":"https:\/\/chantal-abadie-magnetiseur.com\/index.php\/tarifs\/","url":"https:\/\/chantal-abadie-magnetiseur.com\/index.php\/tarifs\/","name":"- Chantal Abadie Magn\u00e9tiseur 78","isPartOf":{"@id":"https:\/\/chantal-abadie-magnetiseur.com\/#website"},"datePublished":"2019-05-24T12:30:51+00:00","dateModified":"2020-02-18T14:57:18+00:00","inLanguage":"fr-FR","potentialAction":[{"@type":"ReadAction","target":["https:\/\/chantal-abadie-magnetiseur.com\/index.php\/tarifs\/"]}]},{"@type":"WebSite","@id":"https:\/\/chantal-abadie-magnetiseur.com\/#website","url":"https:\/\/chantal-abadie-magnetiseur.com\/","name":"Chantal Abadie Magn\u00e9tiseur 78","description":"Soins par magn\u00e9tisme","potentialAction":[{"@type":"SearchAction","target":{"@type":"EntryPoint","urlTemplate":"https:\/\/chantal-abadie-magnetiseur.com\/?s={search_term_string}"},"query-input":"required name=search_term_string"}],"inLanguage":"fr-FR"}]}},"_links":{"self":[{"href":"https:\/\/chantal-abadie-magnetiseur.com\/index.php\/wp-json\/wp\/v2\/pages\/146"}],"collection":[{"href":"https:\/\/chantal-abadie-magnetiseur.com\/index.php\/wp-json\/wp\/v2\/pages"}],"about":[{"href":"https:\/\/chantal-abadie-magnetiseur.com\/index.php\/wp-json\/wp\/v2\/types\/page"}],"author":[{"embeddable":true,"href":"https:\/\/chantal-abadie-magnetiseur.com\/index.php\/wp-json\/wp\/v2\/users\/1"}],"replies":[{"embeddable":true,"href":"https:\/\/chantal-abadie-magnetiseur.com\/index.php\/wp-json\/wp\/v2\/comments?post=146"}],"version-history":[{"count":30,"href":"https:\/\/chantal-abadie-magnetiseur.com\/index.php\/wp-json\/wp\/v2\/pages\/146\/revisions"}],"predecessor-version":[{"id":529,"href":"https:\/\/chantal-abadie-magnetiseur.com\/index.php\/wp-json\/wp\/v2\/pages\/146\/revisions\/529"}],"wp:attachment":[{"href":"https:\/\/chantal-abadie-magnetiseur.com\/index.php\/wp-json\/wp\/v2\/media?parent=146"}],"curies":[{"name":"wp","href":"https:\/\/api.w.org\/{rel}","templated":true}]}}